{"id":6473,"date":"2021-10-18T07:29:35","date_gmt":"2021-10-18T07:29:35","guid":{"rendered":"https:\/\/lapalmatransfer.com\/cookies-politik\/"},"modified":"2024-07-07T21:20:45","modified_gmt":"2024-07-07T21:20:45","slug":"cookies-politik","status":"publish","type":"page","link":"https:\/\/lapalmatransfer.com\/de\/cookies-politik\/","title":{"rendered":"Cookies-Politik"},"content":{"rendered":"\t\t<div data-elementor-type=\"wp-page\" data-elementor-id=\"6473\" class=\"elementor elementor-6473 elementor-99\" data-elementor-post-type=\"page\">\n\t\t\t\t\t\t<section class=\"elementor-section elementor-top-section elementor-element elementor-element-1dee3be elementor-section-boxed elementor-section-height-default elementor-section-height-default\" data-id=\"1dee3be\" data-element_type=\"section\" data-e-type=\"section\">\n\t\t\t\t\t\t<div class=\"elementor-container elementor-column-gap-default\">\n\t\t\t\t\t<div class=\"elementor-column elementor-col-100 elementor-top-column elementor-element elementor-element-07f65ab\" data-id=\"07f65ab\" data-element_type=\"column\" data-e-type=\"column\">\n\t\t\t<div class=\"elementor-widget-wrap elementor-element-populated\">\n\t\t\t\t\t\t<div class=\"elementor-element elementor-element-5270b29 elementor-widget elementor-widget-heading\" data-id=\"5270b29\" data-element_type=\"widget\" data-e-type=\"widget\" data-widget_type=\"heading.default\">\n\t\t\t\t<div class=\"elementor-widget-container\">\n\t\t\t\t\t<h1 class=\"elementor-heading-title elementor-size-default\">COOKIES-POLITIK<\/h1>\t\t\t\t<\/div>\n\t\t\t\t<\/div>\n\t\t\t\t<div class=\"elementor-element elementor-element-445f7b4 elementor-widget-divider--view-line elementor-widget elementor-widget-divider\" data-id=\"445f7b4\" data-element_type=\"widget\" data-e-type=\"widget\" data-widget_type=\"divider.default\">\n\t\t\t\t<div class=\"elementor-widget-container\">\n\t\t\t\t\t\t\t<div class=\"elementor-divider\">\n\t\t\t<span class=\"elementor-divider-separator\">\n\t\t\t\t\t\t<\/span>\n\t\t<\/div>\n\t\t\t\t\t\t<\/div>\n\t\t\t\t<\/div>\n\t\t\t\t<div class=\"elementor-element elementor-element-f4ccd51 elementor-widget elementor-widget-text-editor\" data-id=\"f4ccd51\" data-element_type=\"widget\" data-e-type=\"widget\" data-widget_type=\"text-editor.default\">\n\t\t\t\t<div class=\"elementor-widget-container\">\n\t\t\t\t\t\t\t\t\t<p>Diese Website verwendet Cookies. Cookies auf dieser Website werden verwendet, um Inhalte und Anzeigen zu personalisieren, Funktionen f\u00fcr soziale Medien bereitzustellen und den Datenverkehr zu analysieren. Dar\u00fcber hinaus geben wir Informationen \u00fcber Ihre Nutzung der Website an unsere Partner f\u00fcr soziale Medien, Werbung und Webanalyse weiter, die diese mit anderen Informationen kombinieren k\u00f6nnen, die Sie ihnen zur Verf\u00fcgung gestellt haben oder die sie aus Ihrer Nutzung ihrer Dienste gesammelt haben.<\/p>\n<p>Cookies sind kleine Textdateien, die von Websites verwendet werden k\u00f6nnen, um das Nutzererlebnis effizienter zu gestalten.<\/p>\n<p>Das Gesetz besagt, dass wir Cookies auf Ihrem Ger\u00e4t speichern d\u00fcrfen, wenn sie f\u00fcr den Betrieb dieser Website unbedingt erforderlich sind. F\u00fcr alle anderen Arten von Cookies ben\u00f6tigen wir Ihre Zustimmung.<\/p>\n<p>Diese Website verwendet verschiedene Arten von Cookies. Einige Cookies werden von Diensten Dritter gesetzt, die auf unseren Seiten erscheinen.<\/p>\n<p>Sie k\u00f6nnen Ihre Zustimmung jederzeit in der Cookie-Erkl\u00e4rung auf unserer Website \u00e4ndern oder widerrufen.<\/p>\n<p>In unserer Datenschutzrichtlinie erfahren Sie mehr dar\u00fcber, wer wir sind, wie Sie uns kontaktieren k\u00f6nnen und wie wir personenbezogene Daten verarbeiten.<\/p>\n<p>Wenn Sie uns bez\u00fcglich Ihrer Zustimmung kontaktieren, geben Sie uns bitte die ID und das Datum Ihrer Zustimmung an.<\/p>\n\t\t\t\t\t\t\t\t<\/div>\n\t\t\t\t<\/div>\n\t\t\t\t\t<\/div>\n\t\t<\/div>\n\t\t\t\t\t<\/div>\n\t\t<\/section>\n\t\t\t\t<section class=\"elementor-section elementor-top-section elementor-element elementor-element-55ba243 elementor-section-full_width elementor-hidden-desktop elementor-hidden-tablet elementor-section-height-default elementor-section-height-default\" data-id=\"55ba243\" data-element_type=\"section\" data-e-type=\"section\">\n\t\t\t\t\t\t<div class=\"elementor-container elementor-column-gap-default\">\n\t\t\t\t\t<div class=\"elementor-column elementor-col-100 elementor-top-column elementor-element elementor-element-f09ed7f\" data-id=\"f09ed7f\" data-element_type=\"column\" data-e-type=\"column\">\n\t\t\t<div class=\"elementor-widget-wrap elementor-element-populated\">\n\t\t\t\t\t\t<div class=\"elementor-element elementor-element-266f8f5 elementor-view-stacked elementor-fixed elementor-shape-circle elementor-widget elementor-widget-icon\" data-id=\"266f8f5\" data-element_type=\"widget\" data-e-type=\"widget\" data-settings=\"{&quot;_position&quot;:&quot;fixed&quot;}\" data-widget_type=\"icon.default\">\n\t\t\t\t<div class=\"elementor-widget-container\">\n\t\t\t\t\t\t\t<div class=\"elementor-icon-wrapper\">\n\t\t\t<a class=\"elementor-icon\" href=\"https:\/\/wa.me\/34620416535?\">\n\t\t\t<i aria-hidden=\"true\" class=\"fab fa-whatsapp\"><\/i>\t\t\t<\/a>\n\t\t<\/div>\n\t\t\t\t\t\t<\/div>\n\t\t\t\t<\/div>\n\t\t\t\t\t<\/div>\n\t\t<\/div>\n\t\t\t\t\t<\/div>\n\t\t<\/section>\n\t\t\t\t<\/div>\n\t\t","protected":false},"excerpt":{"rendered":"<p>COOKIES-POLITIK Diese Website verwendet Cookies. Cookies auf dieser Website werden verwendet, um Inhalte und Anzeigen zu personalisieren, Funktionen f\u00fcr soziale Medien bereitzustellen und den Datenverkehr zu analysieren. Dar\u00fcber hinaus geben wir Informationen \u00fcber Ihre Nutzung der Website an unsere Partner f\u00fcr soziale Medien, Werbung und Webanalyse weiter, die diese mit anderen Informationen kombinieren k\u00f6nnen, die [&hellip;]<\/p>\n","protected":false},"author":2,"featured_media":0,"parent":0,"menu_order":0,"comment_status":"closed","ping_status":"closed","template":"","meta":{"_acf_changed":false,"inline_featured_image":false,"footnotes":""},"class_list":["post-6473","page","type-page","status-publish","hentry"],"acf":[],"yoast_head":"<!-- This site is optimized with the Yoast SEO plugin v27.5 - https:\/\/yoast.com\/product\/yoast-seo-wordpress\/ -->\n<title>\u25b7Cookies-Politik - \u3010 La Palma Transfer &amp; Tours \u3011<\/title>\n<meta name=\"description\" content=\"COOKIES-POLITIK Diese Website verwendet Cookies. Cookies auf dieser Website werden verwendet, um Inhalte und Anzeigen zu personalisieren, Funktionen f\u00fcr \u2713\" \/>\n<meta name=\"robots\" content=\"noindex, nofollow\" \/>\n<meta property=\"og:locale\" content=\"de_DE\" \/>\n<meta property=\"og:type\" content=\"article\" \/>\n<meta property=\"og:title\" content=\"\u25b7Cookies-Politik - \u3010 La Palma Transfer &amp; Tours \u3011\" \/>\n<meta property=\"og:description\" content=\"COOKIES-POLITIK Diese Website verwendet Cookies. Cookies auf dieser Website werden verwendet, um Inhalte und Anzeigen zu personalisieren, Funktionen f\u00fcr \u2713\" \/>\n<meta property=\"og:url\" content=\"https:\/\/lapalmatransfer.com\/de\/cookies-politik\/\" \/>\n<meta property=\"og:site_name\" content=\"La Palma Transfer &amp; Tours\" \/>\n<meta property=\"article:modified_time\" content=\"2024-07-07T21:20:45+00:00\" \/>\n<meta name=\"twitter:card\" content=\"summary_large_image\" \/>\n<meta name=\"twitter:label1\" content=\"Gesch\u00e4tzte Lesezeit\" \/>\n\t<meta name=\"twitter:data1\" content=\"1\u00a0Minute\" \/>\n<script type=\"application\/ld+json\" class=\"yoast-schema-graph\">{\"@context\":\"https:\\\/\\\/schema.org\",\"@graph\":[{\"@type\":\"WebPage\",\"@id\":\"https:\\\/\\\/lapalmatransfer.com\\\/de\\\/cookies-politik\\\/\",\"url\":\"https:\\\/\\\/lapalmatransfer.com\\\/de\\\/cookies-politik\\\/\",\"name\":\"\u25b7Cookies-Politik - \u3010 La Palma Transfer &amp; Tours \u3011\",\"isPartOf\":{\"@id\":\"https:\\\/\\\/lapalmatransfer.com\\\/#website\"},\"datePublished\":\"2021-10-18T07:29:35+00:00\",\"dateModified\":\"2024-07-07T21:20:45+00:00\",\"description\":\"COOKIES-POLITIK Diese Website verwendet Cookies. Cookies auf dieser Website werden verwendet, um Inhalte und Anzeigen zu personalisieren, Funktionen f\u00fcr \u2713\",\"breadcrumb\":{\"@id\":\"https:\\\/\\\/lapalmatransfer.com\\\/de\\\/cookies-politik\\\/#breadcrumb\"},\"inLanguage\":\"de\",\"potentialAction\":[{\"@type\":\"ReadAction\",\"target\":[\"https:\\\/\\\/lapalmatransfer.com\\\/de\\\/cookies-politik\\\/\"]}]},{\"@type\":\"BreadcrumbList\",\"@id\":\"https:\\\/\\\/lapalmatransfer.com\\\/de\\\/cookies-politik\\\/#breadcrumb\",\"itemListElement\":[{\"@type\":\"ListItem\",\"position\":1,\"name\":\"Portada\",\"item\":\"https:\\\/\\\/lapalmatransfer.com\\\/\"},{\"@type\":\"ListItem\",\"position\":2,\"name\":\"Cookies-Politik\"}]},{\"@type\":\"WebSite\",\"@id\":\"https:\\\/\\\/lapalmatransfer.com\\\/#website\",\"url\":\"https:\\\/\\\/lapalmatransfer.com\\\/\",\"name\":\"La Palma Transfer &amp; Tours\",\"description\":\"Just another WordPress site\",\"potentialAction\":[{\"@type\":\"SearchAction\",\"target\":{\"@type\":\"EntryPoint\",\"urlTemplate\":\"https:\\\/\\\/lapalmatransfer.com\\\/?s={search_term_string}\"},\"query-input\":{\"@type\":\"PropertyValueSpecification\",\"valueRequired\":true,\"valueName\":\"search_term_string\"}}],\"inLanguage\":\"de\"}]}<\/script>\n<!-- \/ Yoast SEO plugin. -->","yoast_head_json":{"title":"\u25b7Cookies-Politik - \u3010 La Palma Transfer &amp; Tours \u3011","description":"COOKIES-POLITIK Diese Website verwendet Cookies. Cookies auf dieser Website werden verwendet, um Inhalte und Anzeigen zu personalisieren, Funktionen f\u00fcr \u2713","robots":{"index":"noindex","follow":"nofollow"},"og_locale":"de_DE","og_type":"article","og_title":"\u25b7Cookies-Politik - \u3010 La Palma Transfer &amp; Tours \u3011","og_description":"COOKIES-POLITIK Diese Website verwendet Cookies. Cookies auf dieser Website werden verwendet, um Inhalte und Anzeigen zu personalisieren, Funktionen f\u00fcr \u2713","og_url":"https:\/\/lapalmatransfer.com\/de\/cookies-politik\/","og_site_name":"La Palma Transfer &amp; Tours","article_modified_time":"2024-07-07T21:20:45+00:00","twitter_card":"summary_large_image","twitter_misc":{"Gesch\u00e4tzte Lesezeit":"1\u00a0Minute"},"schema":{"@context":"https:\/\/schema.org","@graph":[{"@type":"WebPage","@id":"https:\/\/lapalmatransfer.com\/de\/cookies-politik\/","url":"https:\/\/lapalmatransfer.com\/de\/cookies-politik\/","name":"\u25b7Cookies-Politik - \u3010 La Palma Transfer &amp; Tours \u3011","isPartOf":{"@id":"https:\/\/lapalmatransfer.com\/#website"},"datePublished":"2021-10-18T07:29:35+00:00","dateModified":"2024-07-07T21:20:45+00:00","description":"COOKIES-POLITIK Diese Website verwendet Cookies. Cookies auf dieser Website werden verwendet, um Inhalte und Anzeigen zu personalisieren, Funktionen f\u00fcr \u2713","breadcrumb":{"@id":"https:\/\/lapalmatransfer.com\/de\/cookies-politik\/#breadcrumb"},"inLanguage":"de","potentialAction":[{"@type":"ReadAction","target":["https:\/\/lapalmatransfer.com\/de\/cookies-politik\/"]}]},{"@type":"BreadcrumbList","@id":"https:\/\/lapalmatransfer.com\/de\/cookies-politik\/#breadcrumb","itemListElement":[{"@type":"ListItem","position":1,"name":"Portada","item":"https:\/\/lapalmatransfer.com\/"},{"@type":"ListItem","position":2,"name":"Cookies-Politik"}]},{"@type":"WebSite","@id":"https:\/\/lapalmatransfer.com\/#website","url":"https:\/\/lapalmatransfer.com\/","name":"La Palma Transfer &amp; Tours","description":"Just another WordPress site","potentialAction":[{"@type":"SearchAction","target":{"@type":"EntryPoint","urlTemplate":"https:\/\/lapalmatransfer.com\/?s={search_term_string}"},"query-input":{"@type":"PropertyValueSpecification","valueRequired":true,"valueName":"search_term_string"}}],"inLanguage":"de"}]}},"_links":{"self":[{"href":"https:\/\/lapalmatransfer.com\/de\/wp-json\/wp\/v2\/pages\/6473","targetHints":{"allow":["GET"]}}],"collection":[{"href":"https:\/\/lapalmatransfer.com\/de\/wp-json\/wp\/v2\/pages"}],"about":[{"href":"https:\/\/lapalmatransfer.com\/de\/wp-json\/wp\/v2\/types\/page"}],"author":[{"embeddable":true,"href":"https:\/\/lapalmatransfer.com\/de\/wp-json\/wp\/v2\/users\/2"}],"replies":[{"embeddable":true,"href":"https:\/\/lapalmatransfer.com\/de\/wp-json\/wp\/v2\/comments?post=6473"}],"version-history":[{"count":3,"href":"https:\/\/lapalmatransfer.com\/de\/wp-json\/wp\/v2\/pages\/6473\/revisions"}],"predecessor-version":[{"id":6476,"href":"https:\/\/lapalmatransfer.com\/de\/wp-json\/wp\/v2\/pages\/6473\/revisions\/6476"}],"wp:attachment":[{"href":"https:\/\/lapalmatransfer.com\/de\/wp-json\/wp\/v2\/media?parent=6473"}],"curies":[{"name":"wp","href":"https:\/\/api.w.org\/{rel}","templated":true}]}}